{"id":79,"date":"2020-05-07T23:53:36","date_gmt":"2020-05-07T23:53:36","guid":{"rendered":"https:\/\/sosguatemala.org\/?post_type=product&#038;p=79"},"modified":"2020-05-25T21:10:28","modified_gmt":"2020-05-25T21:10:28","slug":"bolsa-q-75-00","status":"publish","type":"product","link":"https:\/\/sosguatemala.org\/en\/product\/bolsa-q-75-00\/","title":{"rendered":"Medium Bag"},"content":{"rendered":"<p>\u00a1Con un aporte de Q.75.00 donas una bolsa con v\u00edveres para 15 d\u00edas aproximadamente para una familia que se encuentra en situaci\u00f3n vulnerable!<\/p>","protected":false},"excerpt":{"rendered":"<p>\u00a1Con un aporte de Q.75.00 donas una bolsa con v\u00edveres para 15 d\u00edas aproximadamente para una familia que se encuentra en situaci\u00f3n vulnerable!<\/p>","protected":false},"featured_media":386,"template":"","meta":{"om_disable_all_campaigns":false,"_monsterinsights_skip_tracking":false,"_monsterinsights_sitenote_active":false,"_monsterinsights_sitenote_note":"","_monsterinsights_sitenote_category":0,"site-sidebar-layout":"default","site-content-layout":"default","ast-main-header-display":"","ast-hfb-above-header-display":"","ast-hfb-below-header-display":"","ast-hfb-mobile-header-display":"","site-post-title":"","ast-breadcrumbs-content":"","ast-featured-img":"","footer-sml-layout":"","theme-transparent-header-meta":"default","adv-header-id-meta":"","stick-header-meta":"","header-above-stick-meta":"","header-main-stick-meta":"","header-below-stick-meta":""},"product_brand":[],"product_cat":[28],"product_tag":[],"class_list":{"0":"post-79","1":"product","2":"type-product","3":"status-publish","4":"has-post-thumbnail","6":"product_cat-donar","8":"first","9":"instock","10":"virtual","11":"purchasable","12":"product-type-simple"},"jetpack_sharing_enabled":true,"_links":{"self":[{"href":"https:\/\/sosguatemala.org\/en\/wp-json\/wp\/v2\/product\/79","targetHints":{"allow":["GET"]}}],"collection":[{"href":"https:\/\/sosguatemala.org\/en\/wp-json\/wp\/v2\/product"}],"about":[{"href":"https:\/\/sosguatemala.org\/en\/wp-json\/wp\/v2\/types\/product"}],"version-history":[{"count":5,"href":"https:\/\/sosguatemala.org\/en\/wp-json\/wp\/v2\/product\/79\/revisions"}],"predecessor-version":[{"id":475,"href":"https:\/\/sosguatemala.org\/en\/wp-json\/wp\/v2\/product\/79\/revisions\/475"}],"wp:featuredmedia":[{"embeddable":true,"href":"https:\/\/sosguatemala.org\/en\/wp-json\/wp\/v2\/media\/386"}],"wp:attachment":[{"href":"https:\/\/sosguatemala.org\/en\/wp-json\/wp\/v2\/media?parent=79"}],"wp:term":[{"taxonomy":"product_brand","embeddable":true,"href":"https:\/\/sosguatemala.org\/en\/wp-json\/wp\/v2\/product_brand?post=79"},{"taxonomy":"product_cat","embeddable":true,"href":"https:\/\/sosguatemala.org\/en\/wp-json\/wp\/v2\/product_cat?post=79"},{"taxonomy":"product_tag","embeddable":true,"href":"https:\/\/sosguatemala.org\/en\/wp-json\/wp\/v2\/product_tag?post=79"}],"curies":[{"name":"wp","href":"https:\/\/api.w.org\/{rel}","templated":true}]}}