{"id":443,"date":"2020-05-25T00:39:49","date_gmt":"2020-05-25T00:39:49","guid":{"rendered":"https:\/\/sosguatemala.org\/?page_id=443"},"modified":"2020-06-16T09:16:11","modified_gmt":"2020-06-16T09:16:11","slug":"apadrinar","status":"publish","type":"page","link":"https:\/\/sosguatemala.org\/en\/apadrinar\/","title":{"rendered":"Support"},"content":{"rendered":"\t\t<div data-elementor-type=\"wp-page\" data-elementor-id=\"443\" class=\"elementor elementor-443\">\n\t\t\t\t\t\t<section class=\"elementor-section elementor-top-section elementor-element elementor-element-b974ea4 elementor-section-boxed elementor-section-height-default elementor-section-height-default\" data-id=\"b974ea4\" data-element_type=\"section\" data-e-type=\"section\" data-settings=\"{&quot;background_background&quot;:&quot;classic&quot;}\">\n\t\t\t\t\t\t\t<div class=\"elementor-background-overlay\"><\/div>\n\t\t\t\t\t\t\t<div class=\"elementor-container elementor-column-gap-default\">\n\t\t\t\t\t<div class=\"elementor-column elementor-col-50 elementor-top-column elementor-element elementor-element-0a816c6\" data-id=\"0a816c6\" data-element_type=\"column\" data-e-type=\"column\" data-settings=\"{&quot;background_background&quot;:&quot;classic&quot;}\">\n\t\t\t<div class=\"elementor-widget-wrap elementor-element-populated\">\n\t\t\t\t\t<div class=\"elementor-background-overlay\"><\/div>\n\t\t\t\t\t\t<div class=\"elementor-element elementor-element-4ef06a5 elementor-widget elementor-widget-heading\" data-id=\"4ef06a5\" data-element_type=\"widget\" data-e-type=\"widget\" data-widget_type=\"heading.default\">\n\t\t\t\t<div class=\"elementor-widget-container\">\n\t\t\t\t\t<h2 class=\"elementor-heading-title elementor-size-default\">APADRINA UN NI\u00d1O O FAMILIA DE NUESTRO PROGRAMA<\/h2>\t\t\t\t<\/div>\n\t\t\t\t<\/div>\n\t\t\t\t<div class=\"elementor-element elementor-element-934a10a elementor-widget elementor-widget-text-editor\" data-id=\"934a10a\" data-element_type=\"widget\" data-e-type=\"widget\" data-widget_type=\"text-editor.default\">\n\t\t\t\t<div class=\"elementor-widget-container\">\n\t\t\t\t\t\t\t\t\t<p>El movimiento <b>SOS GUATEMALA<\/b> es la respuesta de <b>AMBI, Amor y Bienestar<\/b> a la situaci\u00f3n de hambre y pobreza que ha tra\u00eddo <b>COVID19<\/b> y todas las medidas tomadas para prevenir.&nbsp;<\/p>\n<p><b>AMBI<\/b> es una asociaci\u00f3n fundada en 2010 con el objetivo de&nbsp; desarrollar proyectos de sociales en beneficio de comunidades vulnerables y cambiar el futuro de los ni\u00f1os y ni\u00f1as. Contamos con programas propios y tenemos la capacidad de desarrollar, planificar, implementar y monitorear proyectos de todo tipo.<span style=\"font-size: 25px;\">&nbsp;&nbsp;<\/span><\/p>\n<p>Si te interesa apoyar apadrinando a un ni\u00f1o o familia de nuestro programa, llena el siguiente formulario y nuestro equipo se pondr\u00e1 en contacto contigo.<\/p>\t\t\t\t\t\t\t\t<\/div>\n\t\t\t\t<\/div>\n\t\t\t\t\t<\/div>\n\t\t<\/div>\n\t\t\t\t<div class=\"elementor-column elementor-col-50 elementor-top-column elementor-element elementor-element-61937fa\" data-id=\"61937fa\" data-element_type=\"column\" data-e-type=\"column\">\n\t\t\t<div class=\"elementor-widget-wrap elementor-element-populated\">\n\t\t\t\t\t\t<div class=\"elementor-element elementor-element-5c7022c elementor-widget elementor-widget-image\" data-id=\"5c7022c\" data-element_type=\"widget\" data-e-type=\"widget\" data-widget_type=\"image.default\">\n\t\t\t\t<div class=\"elementor-widget-container\">\n\t\t\t\t\t\t\t\t\t\t\t\t\t\t\t<img decoding=\"async\" src=\"https:\/\/sosguatemala.org\/wp-content\/uploads\/elementor\/thumbs\/58-min-scaled-op5at5nev5dbe57ev5b508ddefa3gsti9m2n0cs6o0.jpg\" title=\"hero bg\" alt=\"hero bg\" loading=\"lazy\" \/>\t\t\t\t\t\t\t\t\t\t\t\t\t\t\t<\/div>\n\t\t\t\t<\/div>\n\t\t\t\t\t<\/div>\n\t\t<\/div>\n\t\t\t\t\t<\/div>\n\t\t<\/section>\n\t\t\t\t<section class=\"elementor-section elementor-top-section elementor-element elementor-element-df32ec1 elementor-section-height-min-height elementor-section-boxed elementor-section-height-default elementor-section-items-middle\" data-id=\"df32ec1\" data-element_type=\"section\" data-e-type=\"section\" data-settings=\"{&quot;background_background&quot;:&quot;classic&quot;}\">\n\t\t\t\t\t\t\t<div class=\"elementor-background-overlay\"><\/div>\n\t\t\t\t\t\t\t<div class=\"elementor-container elementor-column-gap-default\">\n\t\t\t\t\t<div class=\"elementor-column elementor-col-100 elementor-top-column elementor-element elementor-element-17a59b0\" data-id=\"17a59b0\" data-element_type=\"column\" data-e-type=\"column\" data-settings=\"{&quot;background_background&quot;:&quot;classic&quot;}\">\n\t\t\t<div class=\"elementor-widget-wrap elementor-element-populated\">\n\t\t\t\t\t<div class=\"elementor-background-overlay\"><\/div>\n\t\t\t\t\t\t<div class=\"elementor-element elementor-element-99ed53a elementor-widget elementor-widget-heading\" data-id=\"99ed53a\" data-element_type=\"widget\" data-e-type=\"widget\" data-widget_type=\"heading.default\">\n\t\t\t\t<div class=\"elementor-widget-container\">\n\t\t\t\t\t<h2 class=\"elementor-heading-title elementor-size-default\">PUEDES AFILIARTE AHORA O DESPU\u00c9S DE LLENAR EL FORMULARIO<\/h2>\t\t\t\t<\/div>\n\t\t\t\t<\/div>\n\t\t\t\t<div class=\"elementor-element elementor-element-d8cb984 elementor-widget elementor-widget-heading\" data-id=\"d8cb984\" data-element_type=\"widget\" data-e-type=\"widget\" data-widget_type=\"heading.default\">\n\t\t\t\t<div class=\"elementor-widget-container\">\n\t\t\t\t\t<h2 class=\"elementor-heading-title elementor-size-default\">Recuerda que para quedar registrado como padrino, la casilla de <b>cobro mensual<\/b> en el enlace debe estar marcada.<\/h2>\t\t\t\t<\/div>\n\t\t\t\t<\/div>\n\t\t\t\t<section class=\"elementor-section elementor-inner-section elementor-element elementor-element-aa5961d elementor-section-boxed elementor-section-height-default elementor-section-height-default\" data-id=\"aa5961d\" data-element_type=\"section\" data-e-type=\"section\">\n\t\t\t\t\t\t<div class=\"elementor-container elementor-column-gap-default\">\n\t\t\t\t\t<div class=\"elementor-column elementor-col-50 elementor-inner-column elementor-element elementor-element-d2c1579\" data-id=\"d2c1579\" data-element_type=\"column\" data-e-type=\"column\">\n\t\t\t<div class=\"elementor-widget-wrap elementor-element-populated\">\n\t\t\t\t\t\t<div class=\"elementor-element elementor-element-80e2745 elementor-align-center elementor-widget elementor-widget-button\" data-id=\"80e2745\" data-element_type=\"widget\" data-e-type=\"widget\" data-widget_type=\"button.default\">\n\t\t\t\t<div class=\"elementor-widget-container\">\n\t\t\t\t\t\t\t\t\t<div class=\"elementor-button-wrapper\">\n\t\t\t\t\t<a class=\"elementor-button elementor-button-link elementor-size-md\" href=\"https:\/\/www.paypal.com\/cgi-bin\/webscr?cmd=_s-xclick&#038;hosted_button_id=5CBPYXM7FMW4C&#038;source=url\">\n\t\t\t\t\t\t<span class=\"elementor-button-content-wrapper\">\n\t\t\t\t\t\t<span class=\"elementor-button-icon\">\n\t\t\t\t<i aria-hidden=\"true\" class=\"fas fa-credit-card\"><\/i>\t\t\t<\/span>\n\t\t\t\t\t\t\t\t\t<span class=\"elementor-button-text\">Apadrina a un ni\u00f1o ($15)<\/span>\n\t\t\t\t\t<\/span>\n\t\t\t\t\t<\/a>\n\t\t\t\t<\/div>\n\t\t\t\t\t\t\t\t<\/div>\n\t\t\t\t<\/div>\n\t\t\t\t\t<\/div>\n\t\t<\/div>\n\t\t\t\t<div class=\"elementor-column elementor-col-50 elementor-inner-column elementor-element elementor-element-b9d1738\" data-id=\"b9d1738\" data-element_type=\"column\" data-e-type=\"column\">\n\t\t\t<div class=\"elementor-widget-wrap elementor-element-populated\">\n\t\t\t\t\t\t<div class=\"elementor-element elementor-element-f39d66b elementor-align-center elementor-widget elementor-widget-button\" data-id=\"f39d66b\" data-element_type=\"widget\" data-e-type=\"widget\" data-widget_type=\"button.default\">\n\t\t\t\t<div class=\"elementor-widget-container\">\n\t\t\t\t\t\t\t\t\t<div class=\"elementor-button-wrapper\">\n\t\t\t\t\t<a class=\"elementor-button elementor-button-link elementor-size-md\" href=\"https:\/\/www.paypal.com\/cgi-bin\/webscr?cmd=_s-xclick&#038;hosted_button_id=W6JVNJY6EA4VW&#038;source=url\">\n\t\t\t\t\t\t<span class=\"elementor-button-content-wrapper\">\n\t\t\t\t\t\t<span class=\"elementor-button-icon\">\n\t\t\t\t<i aria-hidden=\"true\" class=\"fas fa-credit-card\"><\/i>\t\t\t<\/span>\n\t\t\t\t\t\t\t\t\t<span class=\"elementor-button-text\">Apadrina a una familia ($35)<\/span>\n\t\t\t\t\t<\/span>\n\t\t\t\t\t<\/a>\n\t\t\t\t<\/div>\n\t\t\t\t\t\t\t\t<\/div>\n\t\t\t\t<\/div>\n\t\t\t\t\t<\/div>\n\t\t<\/div>\n\t\t\t\t\t<\/div>\n\t\t<\/section>\n\t\t\t\t<div class=\"elementor-element elementor-element-5c3cbb2 eael-wpforms-labels-yes eael-wpforms-form-button-custom elementor-widget elementor-widget-eael-wpforms\" data-id=\"5c3cbb2\" data-element_type=\"widget\" data-e-type=\"widget\" data-widget_type=\"eael-wpforms.default\">\n\t\t\t\t<div class=\"elementor-widget-container\">\n\t\t\t\t\t            <div class=\"eael-contact-form eael-wpforms title-description-hide eael-wpforms-align-default\">\n                                    <div class=\"eael-wpforms-heading\">\n                                                                    <\/div>\n                                <div class=\"wpforms-container wpforms-container-full\" id=\"wpforms-439\"><form id=\"wpforms-form-439\" class=\"wpforms-validate wpforms-form\" data-formid=\"439\" method=\"post\" enctype=\"multipart\/form-data\" action=\"\/en\/wp-json\/wp\/v2\/pages\/443\" data-token=\"42077980963cee850d3c49ba8c58d1bb\" data-token-time=\"1777915167\"><noscript class=\"wpforms-error-noscript\">Please enable JavaScript in your browser to complete this form.<\/noscript><div class=\"wpforms-field-container\"><div id=\"wpforms-439-field_0-container\" class=\"wpforms-field wpforms-field-name\" data-field-id=\"0\"><label class=\"wpforms-field-label\" for=\"wpforms-439-field_0\">Nombre Completo <span class=\"wpforms-required-label\">*<\/span><\/label><input type=\"text\" id=\"wpforms-439-field_0\" class=\"wpforms-field-medium wpforms-field-required\" name=\"wpforms[fields][0]\" required><\/div><div id=\"wpforms-439-field_11-container\" class=\"wpforms-field wpforms-field-name\" data-field-id=\"11\"><label class=\"wpforms-field-label\" for=\"wpforms-439-field_11\">Nombre\/Raz\u00f3n Social para recibo de donaci\u00f3n <span class=\"wpforms-required-label\">*<\/span><\/label><input type=\"text\" id=\"wpforms-439-field_11\" class=\"wpforms-field-medium wpforms-field-required\" name=\"wpforms[fields][11]\" required><\/div><div id=\"wpforms-439-field_3-container\" class=\"wpforms-field wpforms-field-name\" data-field-id=\"3\"><label class=\"wpforms-field-label\" for=\"wpforms-439-field_3\">NIT <span class=\"wpforms-required-label\">*<\/span><\/label><input type=\"text\" id=\"wpforms-439-field_3\" class=\"wpforms-field-medium wpforms-field-required\" name=\"wpforms[fields][3]\" value=\"C\/F\" placeholder=\"C\/F en caso de quedar vac\u00edo\" required><\/div><div id=\"wpforms-439-field_7-container\" class=\"wpforms-field wpforms-field-name\" data-field-id=\"7\"><label class=\"wpforms-field-label\" for=\"wpforms-439-field_7\">Direcci\u00f3n para recibo de donaci\u00f3n <span class=\"wpforms-required-label\">*<\/span><\/label><input type=\"text\" id=\"wpforms-439-field_7\" class=\"wpforms-field-medium wpforms-field-required\" name=\"wpforms[fields][7]\" required><\/div><div id=\"wpforms-439-field_8-container\" class=\"wpforms-field wpforms-field-name\" data-field-id=\"8\"><label class=\"wpforms-field-label\" for=\"wpforms-439-field_8\">Fecha de Nacimiento <span class=\"wpforms-required-label\">*<\/span><\/label><input type=\"text\" id=\"wpforms-439-field_8\" class=\"wpforms-field-medium wpforms-field-required\" name=\"wpforms[fields][8]\" required><\/div><div id=\"wpforms-439-field_1-container\" class=\"wpforms-field wpforms-field-email\" data-field-id=\"1\"><label class=\"wpforms-field-label\" for=\"wpforms-439-field_1\">Email <span class=\"wpforms-required-label\">*<\/span><\/label><input type=\"email\" id=\"wpforms-439-field_1\" class=\"wpforms-field-medium wpforms-field-required\" name=\"wpforms[fields][1]\" spellcheck=\"false\" required><\/div><div id=\"wpforms-439-field_21-container\" class=\"wpforms-field wpforms-field-text\" data-field-id=\"21\"><label class=\"wpforms-field-label\" for=\"wpforms-439-field_21\">Tel\u00e9fono<\/label><input type=\"text\" id=\"wpforms-439-field_21\" class=\"wpforms-field-medium\" name=\"wpforms[fields][21]\" ><\/div><div id=\"wpforms-439-field_20-container\" class=\"wpforms-field wpforms-field-text\" data-field-id=\"20\"><label class=\"wpforms-field-label\" for=\"wpforms-439-field_20\">Direcci\u00f3n para correspondencia<\/label><input type=\"text\" id=\"wpforms-439-field_20\" class=\"wpforms-field-medium\" name=\"wpforms[fields][20]\" ><\/div><div id=\"wpforms-439-field_5-container\" class=\"wpforms-field wpforms-field-checkbox\" data-field-id=\"5\"><label class=\"wpforms-field-label\">Prefiero ser contactado por:<\/label><ul id=\"wpforms-439-field_5\"><li class=\"choice-1 depth-1\"><input type=\"checkbox\" id=\"wpforms-439-field_5_1\" name=\"wpforms[fields][5][]\" value=\"Correo Electr\u00f3nico\"  ><label class=\"wpforms-field-label-inline\" for=\"wpforms-439-field_5_1\">Correo Electr\u00f3nico<\/label><\/li><li class=\"choice-2 depth-1\"><input type=\"checkbox\" id=\"wpforms-439-field_5_2\" name=\"wpforms[fields][5][]\" value=\"Llamada\"  ><label class=\"wpforms-field-label-inline\" for=\"wpforms-439-field_5_2\">Llamada<\/label><\/li><li class=\"choice-3 depth-1\"><input type=\"checkbox\" id=\"wpforms-439-field_5_3\" name=\"wpforms[fields][5][]\" value=\"Whatsapp\"  ><label class=\"wpforms-field-label-inline\" for=\"wpforms-439-field_5_3\">Whatsapp<\/label><\/li><\/ul><\/div><div id=\"wpforms-439-field_10-container\" class=\"wpforms-field wpforms-field-radio\" data-field-id=\"10\"><label class=\"wpforms-field-label\">Frecuencia de Apadrinamiento <span class=\"wpforms-required-label\">*<\/span><\/label><ul id=\"wpforms-439-field_10\" class=\"wpforms-field-required\"><li class=\"choice-4 depth-1\"><input type=\"radio\" id=\"wpforms-439-field_10_4\" name=\"wpforms[fields][10]\" value=\"Mensual Q.100.00\" required ><label class=\"wpforms-field-label-inline\" for=\"wpforms-439-field_10_4\">Mensual Q.100.00<\/label><\/li><li class=\"choice-5 depth-1\"><input type=\"radio\" id=\"wpforms-439-field_10_5\" name=\"wpforms[fields][10]\" value=\"Trimestral Q.300.00\" required ><label class=\"wpforms-field-label-inline\" for=\"wpforms-439-field_10_5\">Trimestral Q.300.00<\/label><\/li><li class=\"choice-6 depth-1\"><input type=\"radio\" id=\"wpforms-439-field_10_6\" name=\"wpforms[fields][10]\" value=\"Semestral Q.600.00\" required ><label class=\"wpforms-field-label-inline\" for=\"wpforms-439-field_10_6\">Semestral Q.600.00<\/label><\/li><li class=\"choice-7 depth-1\"><input type=\"radio\" id=\"wpforms-439-field_10_7\" name=\"wpforms[fields][10]\" value=\"Anual Q.1200.00\" required ><label class=\"wpforms-field-label-inline\" for=\"wpforms-439-field_10_7\">Anual Q.1200.00<\/label><\/li><\/ul><\/div><div id=\"wpforms-439-field_12-container\" class=\"wpforms-field wpforms-field-number\" data-field-id=\"12\"><label class=\"wpforms-field-label\" for=\"wpforms-439-field_12\">Cantidad de ni\u00f1os que deseas apadrinar <span class=\"wpforms-required-label\">*<\/span><\/label><input type=\"number\" id=\"wpforms-439-field_12\" class=\"wpforms-field-medium wpforms-field-required\" name=\"wpforms[fields][12]\" step=\"any\" required><\/div><div id=\"wpforms-439-field_15-container\" class=\"wpforms-field wpforms-field-checkbox\" data-field-id=\"15\"><label class=\"wpforms-field-label\">\u00bfA qui\u00e9n te gustar\u00eda apadrinar?<\/label><ul id=\"wpforms-439-field_15\"><li class=\"choice-4 depth-1\"><input type=\"checkbox\" id=\"wpforms-439-field_15_4\" name=\"wpforms[fields][15][]\" value=\"Ni\u00f1o\"  ><label class=\"wpforms-field-label-inline\" for=\"wpforms-439-field_15_4\">Ni\u00f1o<\/label><\/li><li class=\"choice-5 depth-1\"><input type=\"checkbox\" id=\"wpforms-439-field_15_5\" name=\"wpforms[fields][15][]\" value=\"Ni\u00f1a\"  ><label class=\"wpforms-field-label-inline\" for=\"wpforms-439-field_15_5\">Ni\u00f1a<\/label><\/li><li class=\"choice-6 depth-1\"><input type=\"checkbox\" id=\"wpforms-439-field_15_6\" name=\"wpforms[fields][15][]\" value=\"Menor de 5 a\u00f1os\"  ><label class=\"wpforms-field-label-inline\" for=\"wpforms-439-field_15_6\">Menor de 5 a\u00f1os<\/label><\/li><li class=\"choice-7 depth-1\"><input type=\"checkbox\" id=\"wpforms-439-field_15_7\" name=\"wpforms[fields][15][]\" value=\"Mayor de 5 a\u00f1os\"  ><label class=\"wpforms-field-label-inline\" for=\"wpforms-439-field_15_7\">Mayor de 5 a\u00f1os<\/label><\/li><li class=\"choice-8 depth-1\"><input type=\"checkbox\" id=\"wpforms-439-field_15_8\" name=\"wpforms[fields][15][]\" value=\"Indiferente\"  ><label class=\"wpforms-field-label-inline\" for=\"wpforms-439-field_15_8\">Indiferente<\/label><\/li><\/ul><\/div><div id=\"wpforms-439-field_16-container\" class=\"wpforms-field wpforms-field-select\" data-field-id=\"16\"><label class=\"wpforms-field-label\" for=\"wpforms-439-field_16\">\u00bfTe gustar\u00eda apadrinar de alg\u00fan grupo en especial?<\/label><select id=\"wpforms-439-field_16\" class=\"wpforms-field-medium\" name=\"wpforms[fields][16]\"><option value=\"Indiferente\"  class=\"choice-8 depth-1\"  >Indiferente<\/option><option value=\"Verbena\"  class=\"choice-4 depth-1\"  >Verbena<\/option><option value=\"San Lucas Sacatepequez\"  class=\"choice-5 depth-1\"  >San Lucas Sacatepequez<\/option><option value=\"Tecp\u00e1n\"  class=\"choice-6 depth-1\"  >Tecp\u00e1n<\/option><option value=\"Villa Nueva\"  class=\"choice-7 depth-1\"  >Villa Nueva<\/option><\/select><\/div><div id=\"wpforms-439-field_17-container\" class=\"wpforms-field wpforms-field-radio\" data-field-id=\"17\"><label class=\"wpforms-field-label\">\u00bfQuieres recibir correspondencia con el ni\u00f1@\/familia que est\u00e1s apadrinando? <span class=\"wpforms-required-label\">*<\/span><\/label><ul id=\"wpforms-439-field_17\" class=\"wpforms-field-required\"><li class=\"choice-6 depth-1\"><input type=\"radio\" id=\"wpforms-439-field_17_6\" name=\"wpforms[fields][17]\" value=\"S\u00ed\" required ><label class=\"wpforms-field-label-inline\" for=\"wpforms-439-field_17_6\">S\u00ed<\/label><\/li><li class=\"choice-7 depth-1\"><input type=\"radio\" id=\"wpforms-439-field_17_7\" name=\"wpforms[fields][17]\" value=\"No\" required ><label class=\"wpforms-field-label-inline\" for=\"wpforms-439-field_17_7\">No<\/label><\/li><\/ul><\/div><div id=\"wpforms-439-field_18-container\" class=\"wpforms-field wpforms-field-radio\" data-field-id=\"18\"><label class=\"wpforms-field-label\">\u00bfQuieres conocer al ni\u00f1@\/familia que est\u00e1s apadrinando? <span class=\"wpforms-required-label\">*<\/span><\/label><ul id=\"wpforms-439-field_18\" class=\"wpforms-field-required\"><li class=\"choice-6 depth-1\"><input type=\"radio\" id=\"wpforms-439-field_18_6\" name=\"wpforms[fields][18]\" value=\"S\u00ed\" required ><label class=\"wpforms-field-label-inline\" for=\"wpforms-439-field_18_6\">S\u00ed<\/label><\/li><li class=\"choice-7 depth-1\"><input type=\"radio\" id=\"wpforms-439-field_18_7\" name=\"wpforms[fields][18]\" value=\"No\" required ><label class=\"wpforms-field-label-inline\" for=\"wpforms-439-field_18_7\">No<\/label><\/li><\/ul><\/div><div id=\"wpforms-439-field_2-container\" class=\"wpforms-field wpforms-field-textarea\" data-field-id=\"2\"><label class=\"wpforms-field-label\" for=\"wpforms-439-field_2\">\u00bfQu\u00e9 esperas de nosotros como organizaci\u00f3n, c\u00f3mo podemos hacer tu experiencia mas valiosa?<\/label><textarea id=\"wpforms-439-field_2\" class=\"wpforms-field-medium\" name=\"wpforms[fields][2]\" ><\/textarea><\/div><div id=\"wpforms-439-field_19-container\" class=\"wpforms-field wpforms-field-textarea\" data-field-id=\"19\"><label class=\"wpforms-field-label\" for=\"wpforms-439-field_19\">Por este medio me comprometo a apadrinar a mi ahijado por un per\u00edodo no menor a un a\u00f1o (escribe tu nombre completo) <span class=\"wpforms-required-label\">*<\/span><\/label><textarea id=\"wpforms-439-field_19\" class=\"wpforms-field-medium wpforms-field-required\" name=\"wpforms[fields][19]\" required><\/textarea><\/div><\/div><!-- .wpforms-field-container --><div class=\"wpforms-field wpforms-field-hp\"><label for=\"wpforms-439-field-hp\" class=\"wpforms-field-label\">Message<\/label><input type=\"text\" name=\"wpforms[hp]\" id=\"wpforms-439-field-hp\" class=\"wpforms-field-medium\"><\/div><div class=\"wpforms-submit-container\" ><input type=\"hidden\" name=\"wpforms[id]\" value=\"439\"><input type=\"hidden\" name=\"page_title\" value=\"\"><input type=\"hidden\" name=\"page_url\" value=\"https:\/\/sosguatemala.org\/en\/wp-json\/wp\/v2\/pages\/443\"><input type=\"hidden\" name=\"url_referer\" value=\"\"><button type=\"submit\" name=\"wpforms[submit]\" id=\"wpforms-submit-439\" class=\"wpforms-submit\" data-alt-text=\"Enviando...\" data-submit-text=\"Enviar\" aria-live=\"assertive\" value=\"wpforms-submit\">Enviar<\/button><\/div><\/form><\/div>  <!-- .wpforms-container -->            <\/div>\n\t\t\t\t<\/div>\n\t\t\t\t<\/div>\n\t\t\t\t\t<\/div>\n\t\t<\/div>\n\t\t\t\t\t<\/div>\n\t\t<\/section>\n\t\t\t\t<section class=\"elementor-section elementor-top-section elementor-element elementor-element-cac9ec3 elementor-section-boxed elementor-section-height-default elementor-section-height-default\" data-id=\"cac9ec3\" data-element_type=\"section\" data-e-type=\"section\">\n\t\t\t\t\t\t<div class=\"elementor-container elementor-column-gap-default\">\n\t\t\t\t\t\t<\/div>\n\t\t<\/section>\n\t\t\t\t<\/div>\n\t\t","protected":false},"excerpt":{"rendered":"<p>APADRINA UN NI\u00d1O O FAMILIA DE NUESTRO PROGRAMA El movimiento SOS GUATEMALA es la respuesta de AMBI, Amor y Bienestar a la situaci\u00f3n de hambre y pobreza que ha tra\u00eddo COVID19 y todas las medidas tomadas para prevenir.&nbsp; AMBI es una asociaci\u00f3n fundada en 2010 con el objetivo de&nbsp; desarrollar proyectos de sociales en beneficio &hellip;<\/p>\n<p class=\"read-more\"> <a class=\"\" href=\"https:\/\/sosguatemala.org\/en\/apadrinar\/\"> <span class=\"screen-reader-text\">Support<\/span> Read More &raquo;<\/a><\/p>","protected":false},"author":3,"featured_media":0,"parent":0,"menu_order":0,"comment_status":"closed","ping_status":"closed","template":"","meta":{"om_disable_all_campaigns":false,"_monsterinsights_skip_tracking":false,"_monsterinsights_sitenote_active":false,"_monsterinsights_sitenote_note":"","_monsterinsights_sitenote_category":0,"site-sidebar-layout":"no-sidebar","site-content-layout":"page-builder","ast-main-header-display":"","ast-hfb-above-header-display":"","ast-hfb-below-header-display":"","ast-hfb-mobile-header-display":"","site-post-title":"disabled","ast-breadcrumbs-content":"","ast-featured-img":"disabled","footer-sml-layout":"","theme-transparent-header-meta":"default","adv-header-id-meta":"","stick-header-meta":"","header-above-stick-meta":"","header-main-stick-meta":"","header-below-stick-meta":"","footnotes":""},"class_list":["post-443","page","type-page","status-publish","hentry"],"jetpack_sharing_enabled":true,"_links":{"self":[{"href":"https:\/\/sosguatemala.org\/en\/wp-json\/wp\/v2\/pages\/443","targetHints":{"allow":["GET"]}}],"collection":[{"href":"https:\/\/sosguatemala.org\/en\/wp-json\/wp\/v2\/pages"}],"about":[{"href":"https:\/\/sosguatemala.org\/en\/wp-json\/wp\/v2\/types\/page"}],"author":[{"embeddable":true,"href":"https:\/\/sosguatemala.org\/en\/wp-json\/wp\/v2\/users\/3"}],"replies":[{"embeddable":true,"href":"https:\/\/sosguatemala.org\/en\/wp-json\/wp\/v2\/comments?post=443"}],"version-history":[{"count":5,"href":"https:\/\/sosguatemala.org\/en\/wp-json\/wp\/v2\/pages\/443\/revisions"}],"predecessor-version":[{"id":623,"href":"https:\/\/sosguatemala.org\/en\/wp-json\/wp\/v2\/pages\/443\/revisions\/623"}],"wp:attachment":[{"href":"https:\/\/sosguatemala.org\/en\/wp-json\/wp\/v2\/media?parent=443"}],"curies":[{"name":"wp","href":"https:\/\/api.w.org\/{rel}","templated":true}]}}