{"id":412,"date":"2020-05-24T18:28:46","date_gmt":"2020-05-24T18:28:46","guid":{"rendered":"https:\/\/sosguatemala.org\/?page_id=412"},"modified":"2020-05-25T23:18:55","modified_gmt":"2020-05-25T23:18:55","slug":"donar-como-empresa","status":"publish","type":"page","link":"https:\/\/sosguatemala.org\/en\/donar-como-empresa\/","title":{"rendered":"Donate as a company"},"content":{"rendered":"\t\t<div data-elementor-type=\"wp-page\" data-elementor-id=\"412\" class=\"elementor elementor-412\">\n\t\t\t\t\t\t<section class=\"elementor-section elementor-top-section elementor-element elementor-element-0663a1a elementor-section-boxed elementor-section-height-default elementor-section-height-default\" data-id=\"0663a1a\" data-element_type=\"section\" data-e-type=\"section\">\n\t\t\t\t\t\t<div class=\"elementor-container elementor-column-gap-default\">\n\t\t\t\t\t\t<\/div>\n\t\t<\/section>\n\t\t\t\t<section class=\"elementor-section elementor-top-section elementor-element elementor-element-16481fa elementor-section-full_width elementor-section-height-default elementor-section-height-default\" data-id=\"16481fa\" data-element_type=\"section\" data-e-type=\"section\" data-settings=\"{&quot;background_background&quot;:&quot;classic&quot;}\">\n\t\t\t\t\t\t\t<div class=\"elementor-background-overlay\"><\/div>\n\t\t\t\t\t\t\t<div class=\"elementor-container elementor-column-gap-wide\">\n\t\t\t\t\t<div class=\"elementor-column elementor-col-100 elementor-top-column elementor-element elementor-element-ad8baf6\" data-id=\"ad8baf6\" data-element_type=\"column\" data-e-type=\"column\">\n\t\t\t<div class=\"elementor-widget-wrap elementor-element-populated\">\n\t\t\t\t\t\t<section class=\"elementor-section elementor-inner-section elementor-element elementor-element-1358a47 elementor-section-boxed elementor-section-height-default elementor-section-height-default\" data-id=\"1358a47\" data-element_type=\"section\" data-e-type=\"section\">\n\t\t\t\t\t\t<div class=\"elementor-container elementor-column-gap-default\">\n\t\t\t\t\t<div class=\"elementor-column elementor-col-100 elementor-inner-column elementor-element elementor-element-f413c34\" data-id=\"f413c34\" data-element_type=\"column\" data-e-type=\"column\" data-settings=\"{&quot;background_background&quot;:&quot;classic&quot;}\">\n\t\t\t<div class=\"elementor-widget-wrap elementor-element-populated\">\n\t\t\t\t\t<div class=\"elementor-background-overlay\"><\/div>\n\t\t\t\t\t\t<div class=\"elementor-element elementor-element-4ef06a5 elementor-widget elementor-widget-heading\" data-id=\"4ef06a5\" data-element_type=\"widget\" data-e-type=\"widget\" data-widget_type=\"heading.default\">\n\t\t\t\t<div class=\"elementor-widget-container\">\n\t\t\t\t\t<h2 class=\"elementor-heading-title elementor-size-default\">COLABORA COMO EMPRESA<\/h2>\t\t\t\t<\/div>\n\t\t\t\t<\/div>\n\t\t\t\t<div class=\"elementor-element elementor-element-934a10a elementor-widget elementor-widget-text-editor\" data-id=\"934a10a\" data-element_type=\"widget\" data-e-type=\"widget\" data-widget_type=\"text-editor.default\">\n\t\t\t\t<div class=\"elementor-widget-container\">\n\t\t\t\t\t\t\t\t\t<p>El movimiento <b>SOS GUATEMALA<\/b> es la respuesta de <b>AMBI, Amor y Bienestar<\/b> a la situaci\u00f3n de hambre y pobreza que ha tra\u00eddo <b>COVID19<\/b> y todas las medidas tomadas para prevenir.&nbsp;<\/p>\n<p><b>AMBI<\/b> es una asociaci\u00f3n fundada en 2010 con el objetivo de&nbsp; desarrollar proyectos de sociales en beneficio de comunidades vulnerables y cambiar el futuro de los ni\u00f1os y ni\u00f1as. Contamos con programas propios y tenemos la capacidad de desarrollar, planificar, implementar y monitorear proyectos de todo tipo.<span style=\"font-size: 25px;\">&nbsp;&nbsp;<\/span><\/p><p>Si te interesa invertir en tu comunidad llena el siguiente formulario y nuestro equipo se pondr\u00e1 en contacto contigo.<\/p>\t\t\t\t\t\t\t\t<\/div>\n\t\t\t\t<\/div>\n\t\t\t\t<div class=\"elementor-element elementor-element-592d91b elementor-widget elementor-widget-wp-widget-wpforms-widget\" data-id=\"592d91b\" data-element_type=\"widget\" data-e-type=\"widget\" data-widget_type=\"wp-widget-wpforms-widget.default\">\n\t\t\t\t<div class=\"elementor-widget-container\">\n\t\t\t\t\t<div class=\"wpforms-container wpforms-container-full\" id=\"wpforms-437\"><form id=\"wpforms-form-437\" class=\"wpforms-validate wpforms-form\" data-formid=\"437\" method=\"post\" enctype=\"multipart\/form-data\" action=\"\/en\/wp-json\/wp\/v2\/pages\/412\" data-token=\"4c5112f2ea079ab897ef094d27fd9496\" data-token-time=\"1777915179\"><noscript class=\"wpforms-error-noscript\">Please enable JavaScript in your browser to complete this form.<\/noscript><div class=\"wpforms-field-container\"><div id=\"wpforms-437-field_0-container\" class=\"wpforms-field wpforms-field-name\" data-field-id=\"0\"><label class=\"wpforms-field-label\" for=\"wpforms-437-field_0\">Nombre de  Empresa <span class=\"wpforms-required-label\">*<\/span><\/label><input type=\"text\" id=\"wpforms-437-field_0\" class=\"wpforms-field-medium wpforms-field-required\" name=\"wpforms[fields][0]\" required><\/div><div id=\"wpforms-437-field_3-container\" class=\"wpforms-field wpforms-field-name\" data-field-id=\"3\"><label class=\"wpforms-field-label\" for=\"wpforms-437-field_3\">Nombre de  Contacto <span class=\"wpforms-required-label\">*<\/span><\/label><input type=\"text\" id=\"wpforms-437-field_3\" class=\"wpforms-field-medium wpforms-field-required\" name=\"wpforms[fields][3]\" required><\/div><div id=\"wpforms-437-field_1-container\" class=\"wpforms-field wpforms-field-email\" data-field-id=\"1\"><label class=\"wpforms-field-label\" for=\"wpforms-437-field_1\">Email <span class=\"wpforms-required-label\">*<\/span><\/label><input type=\"email\" id=\"wpforms-437-field_1\" class=\"wpforms-field-medium wpforms-field-required\" name=\"wpforms[fields][1]\" spellcheck=\"false\" required><\/div><div id=\"wpforms-437-field_9-container\" class=\"wpforms-field wpforms-field-text\" data-field-id=\"9\"><label class=\"wpforms-field-label\" for=\"wpforms-437-field_9\">Tel\u00e9fono<\/label><input type=\"text\" id=\"wpforms-437-field_9\" class=\"wpforms-field-medium\" name=\"wpforms[fields][9]\" ><\/div><div id=\"wpforms-437-field_5-container\" class=\"wpforms-field wpforms-field-checkbox\" data-field-id=\"5\"><label class=\"wpforms-field-label\">Prefiero ser contactado por:<\/label><ul id=\"wpforms-437-field_5\"><li class=\"choice-1 depth-1\"><input type=\"checkbox\" id=\"wpforms-437-field_5_1\" name=\"wpforms[fields][5][]\" value=\"Correo Electr\u00f3nico\"  ><label class=\"wpforms-field-label-inline\" for=\"wpforms-437-field_5_1\">Correo Electr\u00f3nico<\/label><\/li><li class=\"choice-2 depth-1\"><input type=\"checkbox\" id=\"wpforms-437-field_5_2\" name=\"wpforms[fields][5][]\" value=\"Llamada\"  ><label class=\"wpforms-field-label-inline\" for=\"wpforms-437-field_5_2\">Llamada<\/label><\/li><li class=\"choice-3 depth-1\"><input type=\"checkbox\" id=\"wpforms-437-field_5_3\" name=\"wpforms[fields][5][]\" value=\"Whatsapp\"  ><label class=\"wpforms-field-label-inline\" for=\"wpforms-437-field_5_3\">Whatsapp<\/label><\/li><\/ul><\/div><div id=\"wpforms-437-field_2-container\" class=\"wpforms-field wpforms-field-textarea\" data-field-id=\"2\"><label class=\"wpforms-field-label\" for=\"wpforms-437-field_2\">Agrega un comentario para nosotros<\/label><textarea id=\"wpforms-437-field_2\" class=\"wpforms-field-medium\" name=\"wpforms[fields][2]\" ><\/textarea><\/div><\/div><!-- .wpforms-field-container --><div class=\"wpforms-field wpforms-field-hp\"><label for=\"wpforms-437-field-hp\" class=\"wpforms-field-label\">Email<\/label><input type=\"text\" name=\"wpforms[hp]\" id=\"wpforms-437-field-hp\" class=\"wpforms-field-medium\"><\/div><div class=\"wpforms-submit-container\" ><input type=\"hidden\" name=\"wpforms[id]\" value=\"437\"><input type=\"hidden\" name=\"page_title\" value=\"\"><input type=\"hidden\" name=\"page_url\" value=\"https:\/\/sosguatemala.org\/en\/wp-json\/wp\/v2\/pages\/412\"><input type=\"hidden\" name=\"url_referer\" value=\"\"><button type=\"submit\" name=\"wpforms[submit]\" id=\"wpforms-submit-437\" class=\"wpforms-submit\" data-alt-text=\"Enviando...\" data-submit-text=\"Enviar\" aria-live=\"assertive\" value=\"wpforms-submit\">Enviar<\/button><\/div><\/form><\/div>  <!-- .wpforms-container -->\t\t\t\t<\/div>\n\t\t\t\t<\/div>\n\t\t\t\t\t<\/div>\n\t\t<\/div>\n\t\t\t\t\t<\/div>\n\t\t<\/section>\n\t\t\t\t<div class=\"elementor-element elementor-element-2f339da elementor-widget elementor-widget-spacer\" data-id=\"2f339da\" data-element_type=\"widget\" data-e-type=\"widget\" data-widget_type=\"spacer.default\">\n\t\t\t\t<div class=\"elementor-widget-container\">\n\t\t\t\t\t\t\t<div class=\"elementor-spacer\">\n\t\t\t<div class=\"elementor-spacer-inner\"><\/div>\n\t\t<\/div>\n\t\t\t\t\t\t<\/div>\n\t\t\t\t<\/div>\n\t\t\t\t\t<\/div>\n\t\t<\/div>\n\t\t\t\t\t<\/div>\n\t\t<\/section>\n\t\t\t\t<section class=\"elementor-section elementor-top-section elementor-element elementor-element-cac9ec3 elementor-section-boxed elementor-section-height-default elementor-section-height-default\" data-id=\"cac9ec3\" data-element_type=\"section\" data-e-type=\"section\">\n\t\t\t\t\t\t<div class=\"elementor-container elementor-column-gap-default\">\n\t\t\t\t\t\t<\/div>\n\t\t<\/section>\n\t\t\t\t<\/div>\n\t\t","protected":false},"excerpt":{"rendered":"<p>COLABORA COMO EMPRESA El movimiento SOS GUATEMALA es la respuesta de AMBI, Amor y Bienestar a la situaci\u00f3n de hambre y pobreza que ha tra\u00eddo COVID19 y todas las medidas tomadas para prevenir.&nbsp; AMBI es una asociaci\u00f3n fundada en 2010 con el objetivo de&nbsp; desarrollar proyectos de sociales en beneficio de comunidades vulnerables y cambiar &hellip;<\/p>\n<p class=\"read-more\"> <a class=\"\" href=\"https:\/\/sosguatemala.org\/en\/donar-como-empresa\/\"> <span class=\"screen-reader-text\">Donate as a company<\/span> Read More &raquo;<\/a><\/p>","protected":false},"author":3,"featured_media":0,"parent":0,"menu_order":0,"comment_status":"closed","ping_status":"closed","template":"","meta":{"om_disable_all_campaigns":false,"_monsterinsights_skip_tracking":false,"_monsterinsights_sitenote_active":false,"_monsterinsights_sitenote_note":"","_monsterinsights_sitenote_category":0,"site-sidebar-layout":"no-sidebar","site-content-layout":"page-builder","ast-main-header-display":"","ast-hfb-above-header-display":"","ast-hfb-below-header-display":"","ast-hfb-mobile-header-display":"","site-post-title":"disabled","ast-breadcrumbs-content":"","ast-featured-img":"disabled","footer-sml-layout":"","theme-transparent-header-meta":"default","adv-header-id-meta":"","stick-header-meta":"","header-above-stick-meta":"","header-main-stick-meta":"","header-below-stick-meta":"","footnotes":""},"class_list":["post-412","page","type-page","status-publish","hentry"],"jetpack_sharing_enabled":true,"_links":{"self":[{"href":"https:\/\/sosguatemala.org\/en\/wp-json\/wp\/v2\/pages\/412","targetHints":{"allow":["GET"]}}],"collection":[{"href":"https:\/\/sosguatemala.org\/en\/wp-json\/wp\/v2\/pages"}],"about":[{"href":"https:\/\/sosguatemala.org\/en\/wp-json\/wp\/v2\/types\/page"}],"author":[{"embeddable":true,"href":"https:\/\/sosguatemala.org\/en\/wp-json\/wp\/v2\/users\/3"}],"replies":[{"embeddable":true,"href":"https:\/\/sosguatemala.org\/en\/wp-json\/wp\/v2\/comments?post=412"}],"version-history":[{"count":5,"href":"https:\/\/sosguatemala.org\/en\/wp-json\/wp\/v2\/pages\/412\/revisions"}],"predecessor-version":[{"id":494,"href":"https:\/\/sosguatemala.org\/en\/wp-json\/wp\/v2\/pages\/412\/revisions\/494"}],"wp:attachment":[{"href":"https:\/\/sosguatemala.org\/en\/wp-json\/wp\/v2\/media?parent=412"}],"curies":[{"name":"wp","href":"https:\/\/api.w.org\/{rel}","templated":true}]}}